{"id":225,"date":"2023-08-22T04:58:26","date_gmt":"2023-08-22T04:58:26","guid":{"rendered":"http:\/\/cnuestramayorista.com.ar\/?post_type=product&#038;p=225"},"modified":"2026-04-22T21:08:49","modified_gmt":"2026-04-22T21:08:49","slug":"duraznos-en-almibar-en-mitades-15kg","status":"publish","type":"product","link":"https:\/\/cnuestramayorista.com.ar\/index.php\/product\/duraznos-en-almibar-en-mitades-15kg\/","title":{"rendered":"Duraznos en almibar en mitades 1,5kg pack x4"},"content":{"rendered":"<p>Contiene duraznos maduros y dulces pelados, cortados y cocidos en un alm\u00edbar de az\u00facar y agua. Se mantienen siempre frescos y sabrosos durante un largo per\u00edodo de tiempo, sin necesidad de refrigeraci\u00f3n.<\/p>\n<p>Ideales para utilizar en postres como tartas, helados o simplemente como un delicioso y saludable tentempi\u00e9<\/p>\n","protected":false},"excerpt":{"rendered":"<p>Contiene duraznos maduros y dulces pelados, cortados y cocidos en un alm\u00edbar de az\u00facar y agua. Se mantienen siempre frescos&#8230;<\/p>\n","protected":false},"featured_media":178,"template":"","meta":[],"product_brand":[],"product_cat":[18],"product_tag":[],"class_list":{"0":"post-225","1":"product","2":"type-product","3":"status-publish","4":"has-post-thumbnail","6":"product_cat-conservas","8":"first","9":"instock","10":"taxable","11":"shipping-taxable","12":"purchasable","13":"product-type-simple"},"_links":{"self":[{"href":"https:\/\/cnuestramayorista.com.ar\/index.php\/wp-json\/wp\/v2\/product\/225","targetHints":{"allow":["GET"]}}],"collection":[{"href":"https:\/\/cnuestramayorista.com.ar\/index.php\/wp-json\/wp\/v2\/product"}],"about":[{"href":"https:\/\/cnuestramayorista.com.ar\/index.php\/wp-json\/wp\/v2\/types\/product"}],"wp:featuredmedia":[{"embeddable":true,"href":"https:\/\/cnuestramayorista.com.ar\/index.php\/wp-json\/wp\/v2\/media\/178"}],"wp:attachment":[{"href":"https:\/\/cnuestramayorista.com.ar\/index.php\/wp-json\/wp\/v2\/media?parent=225"}],"wp:term":[{"taxonomy":"product_brand","embeddable":true,"href":"https:\/\/cnuestramayorista.com.ar\/index.php\/wp-json\/wp\/v2\/product_brand?post=225"},{"taxonomy":"product_cat","embeddable":true,"href":"https:\/\/cnuestramayorista.com.ar\/index.php\/wp-json\/wp\/v2\/product_cat?post=225"},{"taxonomy":"product_tag","embeddable":true,"href":"https:\/\/cnuestramayorista.com.ar\/index.php\/wp-json\/wp\/v2\/product_tag?post=225"}],"curies":[{"name":"wp","href":"https:\/\/api.w.org\/{rel}","templated":true}]}}