{"id":229,"date":"2023-08-22T04:58:28","date_gmt":"2023-08-22T04:58:28","guid":{"rendered":"http:\/\/cnuestramayorista.com.ar\/?post_type=product&#038;p=229"},"modified":"2026-04-22T13:43:13","modified_gmt":"2026-04-22T13:43:13","slug":"pulpa-de-tomate-en-botella-450gr","status":"publish","type":"product","link":"https:\/\/cnuestramayorista.com.ar\/index.php\/product\/pulpa-de-tomate-en-botella-450gr\/","title":{"rendered":"Pulpa de tomate en botella 450gr pack x12"},"content":{"rendered":"<p>Contiene tomates maduros y frescos procesados y triturados en una textura suave y uniforme. Es una opci\u00f3n conveniente para aquellos que buscan una forma r\u00e1pida y f\u00e1cil de agregar sabor y valor nutricional a sus platos.<\/p>\n<p>La pulpa de tomate se puede utilizar en una amplia variedad de recetas, como salsas, sopas, guisos, curry y m\u00e1s.<\/p>\n<p>Fuente rica de vitaminas y antioxidantes, lo que los convierte en una opci\u00f3n saludable para cocinar.<\/p>\n","protected":false},"excerpt":{"rendered":"<p>Contiene tomates maduros y frescos procesados y triturados en una textura suave y uniforme. Es una opci\u00f3n conveniente para aquellos&#8230;<\/p>\n","protected":false},"featured_media":182,"template":"","meta":[],"product_brand":[],"product_cat":[18],"product_tag":[],"class_list":{"0":"post-229","1":"product","2":"type-product","3":"status-publish","4":"has-post-thumbnail","6":"product_cat-conservas","8":"first","9":"instock","10":"taxable","11":"shipping-taxable","12":"purchasable","13":"product-type-simple"},"_links":{"self":[{"href":"https:\/\/cnuestramayorista.com.ar\/index.php\/wp-json\/wp\/v2\/product\/229","targetHints":{"allow":["GET"]}}],"collection":[{"href":"https:\/\/cnuestramayorista.com.ar\/index.php\/wp-json\/wp\/v2\/product"}],"about":[{"href":"https:\/\/cnuestramayorista.com.ar\/index.php\/wp-json\/wp\/v2\/types\/product"}],"wp:featuredmedia":[{"embeddable":true,"href":"https:\/\/cnuestramayorista.com.ar\/index.php\/wp-json\/wp\/v2\/media\/182"}],"wp:attachment":[{"href":"https:\/\/cnuestramayorista.com.ar\/index.php\/wp-json\/wp\/v2\/media?parent=229"}],"wp:term":[{"taxonomy":"product_brand","embeddable":true,"href":"https:\/\/cnuestramayorista.com.ar\/index.php\/wp-json\/wp\/v2\/product_brand?post=229"},{"taxonomy":"product_cat","embeddable":true,"href":"https:\/\/cnuestramayorista.com.ar\/index.php\/wp-json\/wp\/v2\/product_cat?post=229"},{"taxonomy":"product_tag","embeddable":true,"href":"https:\/\/cnuestramayorista.com.ar\/index.php\/wp-json\/wp\/v2\/product_tag?post=229"}],"curies":[{"name":"wp","href":"https:\/\/api.w.org\/{rel}","templated":true}]}}