{"id":230,"date":"2023-08-22T04:58:29","date_gmt":"2023-08-22T04:58:29","guid":{"rendered":"http:\/\/cnuestramayorista.com.ar\/?post_type=product&#038;p=230"},"modified":"2025-12-12T22:53:45","modified_gmt":"2025-12-12T22:53:45","slug":"tomate-triturado-en-botella-950gr","status":"publish","type":"product","link":"https:\/\/cnuestramayorista.com.ar\/index.php\/product\/tomate-triturado-en-botella-950gr\/","title":{"rendered":"Tomate triturado en botella 950gr pack x8"},"content":{"rendered":"<p>Contiene tomates maduros y frescos procesados y triturados en una textura suave y uniforme. Es una opci\u00f3n conveniente para aquellos que buscan una forma r\u00e1pida y f\u00e1cil de agregar sabor y valor nutricional a sus platos.<\/p>\n<p>El tomate triturado se puede utilizar en una amplia variedad de recetas, como salsas, sopas, guisos, curry y m\u00e1s.<\/p>\n<p>Fuente rica de vitaminas y antioxidantes, lo que los convierte en una opci\u00f3n saludable para cocinar.<\/p>\n","protected":false},"excerpt":{"rendered":"<p>Contiene tomates maduros y frescos procesados y triturados en una textura suave y uniforme. Es una opci\u00f3n conveniente para aquellos&#8230;<\/p>\n","protected":false},"featured_media":183,"template":"","meta":[],"product_brand":[],"product_cat":[18],"product_tag":[],"class_list":{"0":"post-230","1":"product","2":"type-product","3":"status-publish","4":"has-post-thumbnail","6":"product_cat-conservas","8":"first","9":"instock","10":"taxable","11":"shipping-taxable","12":"purchasable","13":"product-type-simple"},"_links":{"self":[{"href":"https:\/\/cnuestramayorista.com.ar\/index.php\/wp-json\/wp\/v2\/product\/230","targetHints":{"allow":["GET"]}}],"collection":[{"href":"https:\/\/cnuestramayorista.com.ar\/index.php\/wp-json\/wp\/v2\/product"}],"about":[{"href":"https:\/\/cnuestramayorista.com.ar\/index.php\/wp-json\/wp\/v2\/types\/product"}],"wp:featuredmedia":[{"embeddable":true,"href":"https:\/\/cnuestramayorista.com.ar\/index.php\/wp-json\/wp\/v2\/media\/183"}],"wp:attachment":[{"href":"https:\/\/cnuestramayorista.com.ar\/index.php\/wp-json\/wp\/v2\/media?parent=230"}],"wp:term":[{"taxonomy":"product_brand","embeddable":true,"href":"https:\/\/cnuestramayorista.com.ar\/index.php\/wp-json\/wp\/v2\/product_brand?post=230"},{"taxonomy":"product_cat","embeddable":true,"href":"https:\/\/cnuestramayorista.com.ar\/index.php\/wp-json\/wp\/v2\/product_cat?post=230"},{"taxonomy":"product_tag","embeddable":true,"href":"https:\/\/cnuestramayorista.com.ar\/index.php\/wp-json\/wp\/v2\/product_tag?post=230"}],"curies":[{"name":"wp","href":"https:\/\/api.w.org\/{rel}","templated":true}]}}