{"id":232,"date":"2023-08-22T04:58:30","date_gmt":"2023-08-22T04:58:30","guid":{"rendered":"http:\/\/cnuestramayorista.com.ar\/?post_type=product&#038;p=232"},"modified":"2026-04-27T12:25:51","modified_gmt":"2026-04-27T12:25:51","slug":"salsa-de-tomate-800gr","status":"publish","type":"product","link":"https:\/\/cnuestramayorista.com.ar\/index.php\/product\/salsa-de-tomate-800gr\/","title":{"rendered":"Salsa de tomate 800gr pack x6"},"content":{"rendered":"<p>Contiene tomates maduros y frescos condimentos, procesados y triturados en una textura suave y uniforme. Es una opci\u00f3n conveniente para aquellos que buscan una forma r\u00e1pida y f\u00e1cil de agregar sabor y valor nutricional a sus platos.<\/p>\n","protected":false},"excerpt":{"rendered":"<p>Contiene tomates maduros y frescos condimentos, procesados y triturados en una textura suave y uniforme. Es una opci\u00f3n conveniente para&#8230;<\/p>\n","protected":false},"featured_media":194,"template":"","meta":[],"product_brand":[],"product_cat":[18],"product_tag":[],"class_list":{"0":"post-232","1":"product","2":"type-product","3":"status-publish","4":"has-post-thumbnail","6":"product_cat-conservas","8":"first","9":"instock","10":"taxable","11":"shipping-taxable","12":"purchasable","13":"product-type-simple"},"_links":{"self":[{"href":"https:\/\/cnuestramayorista.com.ar\/index.php\/wp-json\/wp\/v2\/product\/232","targetHints":{"allow":["GET"]}}],"collection":[{"href":"https:\/\/cnuestramayorista.com.ar\/index.php\/wp-json\/wp\/v2\/product"}],"about":[{"href":"https:\/\/cnuestramayorista.com.ar\/index.php\/wp-json\/wp\/v2\/types\/product"}],"wp:featuredmedia":[{"embeddable":true,"href":"https:\/\/cnuestramayorista.com.ar\/index.php\/wp-json\/wp\/v2\/media\/194"}],"wp:attachment":[{"href":"https:\/\/cnuestramayorista.com.ar\/index.php\/wp-json\/wp\/v2\/media?parent=232"}],"wp:term":[{"taxonomy":"product_brand","embeddable":true,"href":"https:\/\/cnuestramayorista.com.ar\/index.php\/wp-json\/wp\/v2\/product_brand?post=232"},{"taxonomy":"product_cat","embeddable":true,"href":"https:\/\/cnuestramayorista.com.ar\/index.php\/wp-json\/wp\/v2\/product_cat?post=232"},{"taxonomy":"product_tag","embeddable":true,"href":"https:\/\/cnuestramayorista.com.ar\/index.php\/wp-json\/wp\/v2\/product_tag?post=232"}],"curies":[{"name":"wp","href":"https:\/\/api.w.org\/{rel}","templated":true}]}}